{"id":2026,"date":"2022-12-25T18:25:46","date_gmt":"1999-01-01T00:00:00","guid":{"rendered":"https:\/\/juttarode.de\/?page_id=2026"},"modified":"2026-02-01T12:01:46","modified_gmt":"2026-02-01T12:01:46","slug":"hello-i-am-jutta-and-i-am-happy-to-welcome-you-here","status":"publish","type":"page","link":"https:\/\/jutta-rode.com\/","title":{"rendered":"Great to have you here"},"content":{"rendered":"\n<p>Hello, I&#8217;m Jutta.<br><br>As Professional <strong>Executive, Transformation, and Mental Fitness Coach<\/strong>\u2014with international <strong>ICF<\/strong> certification\u2014I am your authentic and trustworthy companion in times of change, transformation, and further development.<br><br>I am enabler <strong>for people, teams, and organizations<\/strong> who want to tap into their full <strong>potential,<\/strong> grow into their <strong>performance<\/strong> and create meaningful <strong>impact<\/strong>.<\/p>\n\n\n\n<p>In particular, I create a space where you can discover and cultivate your <strong>mental strength and resilience <\/strong>so that <strong>change, transformation and development <\/strong>can happen and succeed\u2014in a <strong>POSITIVE and SUSTAINABLE <\/strong>way.<\/p>\n\n\n\n<p>Working together, I combine elements of <strong>solution- and growth-oriented coaching <\/strong>with <strong>positive psychology, design thinking, agility<\/strong> and the scientifically based <strong>Positive Intelligence\u00ae Concept<\/strong> for mental fitness and strength.<\/p>\n\n\n\n<p>I coach against the background of an impressive <strong>track record <\/strong>in the global financial industry, a <strong>transformation<\/strong> I have experienced myself and a wealth of <strong>life experience<\/strong> as woman and mother, family manager and friend.<\/p>\n\n\n\n<p>I offer you <strong>my coaching support<\/strong> in virtual space. If you &#8211; like me &#8211; live in the Rhine-Main metropolitan region in Germany, coaching is also possible in walk &amp; talk format, on the premises of your company or at your home. <\/p>\n\n\n\n<p>According to your needs, I coach in <strong>English <\/strong>or <strong>German<\/strong> language, and also in <strong>intercultural<\/strong> context at any time.<\/p>\n\n\n\n<p>Your journey towards realising the <strong>MORE <\/strong>that lies within you can begin <strong>NOW.<\/strong><\/p>\n\n\n\n<p>I look forward to it as <strong>Coach of your Choice. <\/strong><\/p>\n\n\n\n<figure class=\"wp-block-image size-large\"><img loading=\"lazy\" decoding=\"async\" width=\"1024\" height=\"155\" src=\"https:\/\/jutta-rode.com\/wp-content\/uploads\/2022\/05\/image_123986672-1024x155.jpg\" alt=\"\" class=\"wp-image-924\" srcset=\"https:\/\/jutta-rode.com\/wp-content\/uploads\/2022\/05\/image_123986672-1024x155.jpg 1024w, https:\/\/jutta-rode.com\/wp-content\/uploads\/2022\/05\/image_123986672-300x45.jpg 300w, https:\/\/jutta-rode.com\/wp-content\/uploads\/2022\/05\/image_123986672-768x116.jpg 768w, https:\/\/jutta-rode.com\/wp-content\/uploads\/2022\/05\/image_123986672-1536x232.jpg 1536w, https:\/\/jutta-rode.com\/wp-content\/uploads\/2022\/05\/image_123986672-2048x310.jpg 2048w, https:\/\/jutta-rode.com\/wp-content\/uploads\/2022\/05\/image_123986672-397x60.jpg 397w\" sizes=\"(max-width: 1024px) 100vw, 1024px\" \/><\/figure>\n\n\n\n<p><\/p>\n\n\n\n<div class=\"wp-block-buttons is-content-justification-center is-layout-flex wp-container-core-buttons-is-layout-16018d1d wp-block-buttons-is-layout-flex\">\n<div class=\"wp-block-button is-style-fill\"><a class=\"wp-block-button__link has-white-color has-light-green-cyan-background-color has-text-color has-background wp-element-button\" href=\"https:\/\/calendly.com\/juttarode\/welcome-gesprach?month=2026-02\" target=\"_blank\" rel=\"noreferrer noopener\">Let&#8217;s talk &#8230;<\/a><\/div>\n<\/div>\n\n\n","protected":false},"excerpt":{"rendered":"<p>Hello, I&#8217;m Jutta. As Professional Executive, Transformation, and Mental Fitness Coach\u2014with international ICF certification\u2014I am your authentic and trustworthy companion in times of change, transformation, and further development. I am enabler for people, teams, and organizations who want to tap into their full potential, grow into their performance and create meaningful impact. In particular, I &hellip; <\/p>\n","protected":false},"author":2,"featured_media":0,"parent":0,"menu_order":0,"comment_status":"closed","ping_status":"closed","template":"","meta":{"_et_pb_use_builder":"","_et_pb_old_content":"","_et_gb_content_width":"","footnotes":""},"class_list":["post-2026","page","type-page","status-publish","hentry","grid-sizer"],"yoast_head":"<!-- This site is optimized with the Yoast SEO plugin v27.3 - https:\/\/yoast.com\/product\/yoast-seo-wordpress\/ -->\n<title>Great to have you here | Jutta Rode<\/title>\n<meta name=\"description\" content=\"Professionelles Coaching - ICF-zertifiziert - im Raum Frankfurt und Rhein-Main. F\u00fcr Frauen in Ver\u00e4nderungsphasen und f\u00fcr Unternehmen, die agil und zukunftsfit werden wollen.\" \/>\n<meta name=\"robots\" content=\"index, follow, max-snippet:-1, max-image-preview:large, max-video-preview:-1\" \/>\n<link rel=\"canonical\" href=\"https:\/\/jutta-rode.com\/\" \/>\n<meta property=\"og:locale\" content=\"de_DE\" \/>\n<meta property=\"og:type\" content=\"article\" \/>\n<meta property=\"og:title\" content=\"Great to have you here | Jutta Rode\" \/>\n<meta property=\"og:description\" content=\"Professionelles Coaching - ICF-zertifiziert - im Raum Frankfurt und Rhein-Main. F\u00fcr Frauen in Ver\u00e4nderungsphasen und f\u00fcr Unternehmen, die agil und zukunftsfit werden wollen.\" \/>\n<meta property=\"og:url\" content=\"https:\/\/jutta-rode.com\/\" \/>\n<meta property=\"og:site_name\" content=\"Jutta Rode\" \/>\n<meta property=\"article:modified_time\" content=\"2026-02-01T12:01:46+00:00\" \/>\n<meta property=\"og:image\" content=\"https:\/\/jutta-rode.com\/wp-content\/uploads\/2022\/05\/image_123986672-scaled.jpg\" \/>\n\t<meta property=\"og:image:width\" content=\"2560\" \/>\n\t<meta property=\"og:image:height\" content=\"387\" \/>\n\t<meta property=\"og:image:type\" content=\"image\/jpeg\" \/>\n<meta name=\"twitter:card\" content=\"summary_large_image\" \/>\n<meta name=\"twitter:label1\" content=\"Gesch\u00e4tzte Lesezeit\" \/>\n\t<meta name=\"twitter:data1\" content=\"2\u00a0Minuten\" \/>\n<script type=\"application\/ld+json\" class=\"yoast-schema-graph\">{\"@context\":\"https:\\\/\\\/schema.org\",\"@graph\":[{\"@type\":\"WebPage\",\"@id\":\"https:\\\/\\\/jutta-rode.com\\\/\",\"url\":\"https:\\\/\\\/jutta-rode.com\\\/\",\"name\":\"Great to have you here | Jutta Rode\",\"isPartOf\":{\"@id\":\"https:\\\/\\\/jutta-rode.com\\\/#website\"},\"primaryImageOfPage\":{\"@id\":\"https:\\\/\\\/jutta-rode.com\\\/#primaryimage\"},\"image\":{\"@id\":\"https:\\\/\\\/jutta-rode.com\\\/#primaryimage\"},\"thumbnailUrl\":\"https:\\\/\\\/jutta-rode.com\\\/wp-content\\\/uploads\\\/2022\\\/05\\\/image_123986672-1024x155.jpg\",\"datePublished\":\"1999-01-01T00:00:00+00:00\",\"dateModified\":\"2026-02-01T12:01:46+00:00\",\"description\":\"Professionelles Coaching - ICF-zertifiziert - im Raum Frankfurt und Rhein-Main. F\u00fcr Frauen in Ver\u00e4nderungsphasen und f\u00fcr Unternehmen, die agil und zukunftsfit werden wollen.\",\"breadcrumb\":{\"@id\":\"https:\\\/\\\/jutta-rode.com\\\/#breadcrumb\"},\"inLanguage\":\"de\",\"potentialAction\":[{\"@type\":\"ReadAction\",\"target\":[\"https:\\\/\\\/jutta-rode.com\\\/\"]}]},{\"@type\":\"ImageObject\",\"inLanguage\":\"de\",\"@id\":\"https:\\\/\\\/jutta-rode.com\\\/#primaryimage\",\"url\":\"https:\\\/\\\/jutta-rode.com\\\/wp-content\\\/uploads\\\/2022\\\/05\\\/image_123986672-1024x155.jpg\",\"contentUrl\":\"https:\\\/\\\/jutta-rode.com\\\/wp-content\\\/uploads\\\/2022\\\/05\\\/image_123986672-1024x155.jpg\"},{\"@type\":\"BreadcrumbList\",\"@id\":\"https:\\\/\\\/jutta-rode.com\\\/#breadcrumb\",\"itemListElement\":[{\"@type\":\"ListItem\",\"position\":1,\"name\":\"Startseite\",\"item\":\"https:\\\/\\\/jutta-rode.com\\\/\"},{\"@type\":\"ListItem\",\"position\":2,\"name\":\"Great to have you here\"}]},{\"@type\":\"WebSite\",\"@id\":\"https:\\\/\\\/jutta-rode.com\\\/#website\",\"url\":\"https:\\\/\\\/jutta-rode.com\\\/\",\"name\":\"Jutta Rode\",\"description\":\"Helping You Transform \",\"publisher\":{\"@id\":\"https:\\\/\\\/jutta-rode.com\\\/#organization\"},\"potentialAction\":[{\"@type\":\"SearchAction\",\"target\":{\"@type\":\"EntryPoint\",\"urlTemplate\":\"https:\\\/\\\/jutta-rode.com\\\/?s={search_term_string}\"},\"query-input\":{\"@type\":\"PropertyValueSpecification\",\"valueRequired\":true,\"valueName\":\"search_term_string\"}}],\"inLanguage\":\"de\"},{\"@type\":\"Organization\",\"@id\":\"https:\\\/\\\/jutta-rode.com\\\/#organization\",\"name\":\"Jutta Rode\",\"url\":\"https:\\\/\\\/jutta-rode.com\\\/\",\"logo\":{\"@type\":\"ImageObject\",\"inLanguage\":\"de\",\"@id\":\"https:\\\/\\\/jutta-rode.com\\\/#\\\/schema\\\/logo\\\/image\\\/\",\"url\":\"https:\\\/\\\/jutta-rode.com\\\/wp-content\\\/uploads\\\/2022\\\/05\\\/IMG-3150-e1653911891555.png\",\"contentUrl\":\"https:\\\/\\\/jutta-rode.com\\\/wp-content\\\/uploads\\\/2022\\\/05\\\/IMG-3150-e1653911891555.png\",\"width\":301,\"height\":194,\"caption\":\"Jutta Rode\"},\"image\":{\"@id\":\"https:\\\/\\\/jutta-rode.com\\\/#\\\/schema\\\/logo\\\/image\\\/\"}}]}<\/script>\n<!-- \/ Yoast SEO plugin. -->","yoast_head_json":{"title":"Great to have you here | Jutta Rode","description":"Professionelles Coaching - ICF-zertifiziert - im Raum Frankfurt und Rhein-Main. F\u00fcr Frauen in Ver\u00e4nderungsphasen und f\u00fcr Unternehmen, die agil und zukunftsfit werden wollen.","robots":{"index":"index","follow":"follow","max-snippet":"max-snippet:-1","max-image-preview":"max-image-preview:large","max-video-preview":"max-video-preview:-1"},"canonical":"https:\/\/jutta-rode.com\/","og_locale":"de_DE","og_type":"article","og_title":"Great to have you here | Jutta Rode","og_description":"Professionelles Coaching - ICF-zertifiziert - im Raum Frankfurt und Rhein-Main. F\u00fcr Frauen in Ver\u00e4nderungsphasen und f\u00fcr Unternehmen, die agil und zukunftsfit werden wollen.","og_url":"https:\/\/jutta-rode.com\/","og_site_name":"Jutta Rode","article_modified_time":"2026-02-01T12:01:46+00:00","og_image":[{"width":2560,"height":387,"url":"https:\/\/jutta-rode.com\/wp-content\/uploads\/2022\/05\/image_123986672-scaled.jpg","type":"image\/jpeg"}],"twitter_card":"summary_large_image","twitter_misc":{"Gesch\u00e4tzte Lesezeit":"2\u00a0Minuten"},"schema":{"@context":"https:\/\/schema.org","@graph":[{"@type":"WebPage","@id":"https:\/\/jutta-rode.com\/","url":"https:\/\/jutta-rode.com\/","name":"Great to have you here | Jutta Rode","isPartOf":{"@id":"https:\/\/jutta-rode.com\/#website"},"primaryImageOfPage":{"@id":"https:\/\/jutta-rode.com\/#primaryimage"},"image":{"@id":"https:\/\/jutta-rode.com\/#primaryimage"},"thumbnailUrl":"https:\/\/jutta-rode.com\/wp-content\/uploads\/2022\/05\/image_123986672-1024x155.jpg","datePublished":"1999-01-01T00:00:00+00:00","dateModified":"2026-02-01T12:01:46+00:00","description":"Professionelles Coaching - ICF-zertifiziert - im Raum Frankfurt und Rhein-Main. F\u00fcr Frauen in Ver\u00e4nderungsphasen und f\u00fcr Unternehmen, die agil und zukunftsfit werden wollen.","breadcrumb":{"@id":"https:\/\/jutta-rode.com\/#breadcrumb"},"inLanguage":"de","potentialAction":[{"@type":"ReadAction","target":["https:\/\/jutta-rode.com\/"]}]},{"@type":"ImageObject","inLanguage":"de","@id":"https:\/\/jutta-rode.com\/#primaryimage","url":"https:\/\/jutta-rode.com\/wp-content\/uploads\/2022\/05\/image_123986672-1024x155.jpg","contentUrl":"https:\/\/jutta-rode.com\/wp-content\/uploads\/2022\/05\/image_123986672-1024x155.jpg"},{"@type":"BreadcrumbList","@id":"https:\/\/jutta-rode.com\/#breadcrumb","itemListElement":[{"@type":"ListItem","position":1,"name":"Startseite","item":"https:\/\/jutta-rode.com\/"},{"@type":"ListItem","position":2,"name":"Great to have you here"}]},{"@type":"WebSite","@id":"https:\/\/jutta-rode.com\/#website","url":"https:\/\/jutta-rode.com\/","name":"Jutta Rode","description":"Helping You Transform ","publisher":{"@id":"https:\/\/jutta-rode.com\/#organization"},"potentialAction":[{"@type":"SearchAction","target":{"@type":"EntryPoint","urlTemplate":"https:\/\/jutta-rode.com\/?s={search_term_string}"},"query-input":{"@type":"PropertyValueSpecification","valueRequired":true,"valueName":"search_term_string"}}],"inLanguage":"de"},{"@type":"Organization","@id":"https:\/\/jutta-rode.com\/#organization","name":"Jutta Rode","url":"https:\/\/jutta-rode.com\/","logo":{"@type":"ImageObject","inLanguage":"de","@id":"https:\/\/jutta-rode.com\/#\/schema\/logo\/image\/","url":"https:\/\/jutta-rode.com\/wp-content\/uploads\/2022\/05\/IMG-3150-e1653911891555.png","contentUrl":"https:\/\/jutta-rode.com\/wp-content\/uploads\/2022\/05\/IMG-3150-e1653911891555.png","width":301,"height":194,"caption":"Jutta Rode"},"image":{"@id":"https:\/\/jutta-rode.com\/#\/schema\/logo\/image\/"}}]}},"_links":{"self":[{"href":"https:\/\/jutta-rode.com\/index.php\/wp-json\/wp\/v2\/pages\/2026","targetHints":{"allow":["GET"]}}],"collection":[{"href":"https:\/\/jutta-rode.com\/index.php\/wp-json\/wp\/v2\/pages"}],"about":[{"href":"https:\/\/jutta-rode.com\/index.php\/wp-json\/wp\/v2\/types\/page"}],"author":[{"embeddable":true,"href":"https:\/\/jutta-rode.com\/index.php\/wp-json\/wp\/v2\/users\/2"}],"replies":[{"embeddable":true,"href":"https:\/\/jutta-rode.com\/index.php\/wp-json\/wp\/v2\/comments?post=2026"}],"version-history":[{"count":21,"href":"https:\/\/jutta-rode.com\/index.php\/wp-json\/wp\/v2\/pages\/2026\/revisions"}],"predecessor-version":[{"id":2316,"href":"https:\/\/jutta-rode.com\/index.php\/wp-json\/wp\/v2\/pages\/2026\/revisions\/2316"}],"wp:attachment":[{"href":"https:\/\/jutta-rode.com\/index.php\/wp-json\/wp\/v2\/media?parent=2026"}],"curies":[{"name":"wp","href":"https:\/\/api.w.org\/{rel}","templated":true}]}}