{"id":2046,"date":"2022-12-31T17:42:16","date_gmt":"1999-01-01T00:00:00","guid":{"rendered":"https:\/\/juttarode.de\/?page_id=2046"},"modified":"2023-02-04T20:57:53","modified_gmt":"2023-02-04T20:57:53","slug":"team-leadership-coaching","status":"publish","type":"page","link":"https:\/\/jutta-rode.com\/index.php\/team-leadership-coaching\/","title":{"rendered":"Team &#038; Leadership Coaching"},"content":{"rendered":"\n<blockquote class=\"wp-block-quote is-layout-flow wp-block-quote-is-layout-flow\" style=\"font-size:34px\">\n<p>For CEOs and Leaders who make their company and teams fit for the future <\/p>\n<\/blockquote>\n\n\n\n<div style=\"height:56px\" aria-hidden=\"true\" class=\"wp-block-spacer\"><\/div>\n\n\n\n<h2 class=\"wp-block-heading\"><em>Your view into the future  <\/em><\/h2>\n\n\n\n<ul class=\"wp-block-list\">\n<li>You operate in a complex, constantly changing market environment and the <strong>biggest challenge <\/strong>you see is to secure the <strong>innovation capabilities and competitiveness<\/strong> <strong>of your company<\/strong> today and for the future.<br><\/li>\n\n\n\n<li>The <strong>talents, skills, inventiveness and energy<\/strong> of your employees play a decisive role, if not <strong>THE<\/strong> decisive role, in creating <strong>sustainable competitive advantage<\/strong>. <br> <\/li>\n<\/ul>\n\n\n\n<h2 class=\"wp-block-heading\"><em> Your ambition <\/em><\/h2>\n\n\n\n<ul class=\"wp-block-list\">\n<li>You want to <strong>develop the existing potential in your team to their fullest<\/strong>, improve and increase the <strong>effectiveness and efficiency<\/strong> of team collaboration &#8211; in newly formed teams as well as in long-standing ones.<br><\/li>\n\n\n\n<li>Strengthening the <strong>innovation and problem-solving skills<\/strong> of your teams and your staff as your<strong> top priority<\/strong>. <\/li>\n\n\n\n<li>You <strong>promote a willingness to change at all levels <\/strong>of the organisation and see <strong>agility<\/strong> as a welcome enabler to try out and establish new ways of working.<\/li>\n<\/ul>\n\n\n\n<p><\/p>\n\n\n\n<div style=\"height:50px\" aria-hidden=\"true\" class=\"wp-block-spacer\"><\/div>\n\n\n\n<figure class=\"wp-block-pullquote\"><blockquote><p><em>Are you looking for a coach and change facilitator who suits you?<br>Then we should get to know each other. <\/em><\/p><\/blockquote><\/figure>\n\n\n\n<div style=\"height:50px\" aria-hidden=\"true\" class=\"wp-block-spacer\"><\/div>\n\n\n\n<h2 class=\"wp-block-heading\"><em>As Agile and Professional coach for organisations &#8211; certified with the ICF  <\/em><\/h2>\n\n\n\n<ul class=\"wp-block-list\">\n<li>I <strong>support<\/strong> you and your teams to <strong>adopt creative thinking <\/strong>and <strong>collaborate in an agile way<\/strong> &#8211; customer-oriented, effectively and efficiently<br><\/li>\n\n\n\n<li>I <strong>create<\/strong> a <strong>trustful and safe space <\/strong>in line with the potentials of your teams and your employees<br> <\/li>\n\n\n\n<li>I <strong>see myself as an enabler for<\/strong> <ul><li>an open dialogue <\/li><\/ul><\/li>\n\n\n\n<li><ul><li>impulses for reflection <\/li><\/ul>\n<ul class=\"wp-block-list\">\n<li>diverse learning opportunities <\/li>\n\n\n\n<li>food for thought on your path towards a higher level of self-awareness<\/li>\n\n\n\n<li>help for self-help<br><\/li>\n<\/ul>\n<\/li>\n\n\n\n<li>I bring in my innovation expertise from the field of <strong>design thinking <\/strong>and <strong>agility <\/strong>costumised to your needs <br><\/li>\n\n\n\n<li>I accompany <strong>all levels of your company<\/strong> &#8211; from <strong>management <\/strong>to each and <strong>every individual<\/strong> &#8211; in individual coaching formats<\/li>\n<\/ul>\n\n\n\n<div style=\"height:51px\" aria-hidden=\"true\" class=\"wp-block-spacer\"><\/div>\n\n\n\n<figure class=\"wp-block-image size-full\"><img loading=\"lazy\" decoding=\"async\" width=\"2560\" height=\"1598\" src=\"https:\/\/jutta-rode.com\/wp-content\/uploads\/2022\/06\/pexels-anete-lusina-4792509-edited-scaled.jpg\" alt=\"\" class=\"wp-image-1329\" srcset=\"https:\/\/jutta-rode.com\/wp-content\/uploads\/2022\/06\/pexels-anete-lusina-4792509-edited-scaled.jpg 2560w, https:\/\/jutta-rode.com\/wp-content\/uploads\/2022\/06\/pexels-anete-lusina-4792509-edited-300x187.jpg 300w, https:\/\/jutta-rode.com\/wp-content\/uploads\/2022\/06\/pexels-anete-lusina-4792509-edited-1024x639.jpg 1024w, https:\/\/jutta-rode.com\/wp-content\/uploads\/2022\/06\/pexels-anete-lusina-4792509-edited-768x479.jpg 768w, https:\/\/jutta-rode.com\/wp-content\/uploads\/2022\/06\/pexels-anete-lusina-4792509-edited-1536x959.jpg 1536w, https:\/\/jutta-rode.com\/wp-content\/uploads\/2022\/06\/pexels-anete-lusina-4792509-edited-2048x1278.jpg 2048w, https:\/\/jutta-rode.com\/wp-content\/uploads\/2022\/06\/pexels-anete-lusina-4792509-edited-400x250.jpg 400w, https:\/\/jutta-rode.com\/wp-content\/uploads\/2022\/06\/pexels-anete-lusina-4792509-edited-1080x674.jpg 1080w, https:\/\/jutta-rode.com\/wp-content\/uploads\/2022\/06\/pexels-anete-lusina-4792509-edited-96x60.jpg 96w\" sizes=\"(max-width: 2560px) 100vw, 2560px\" \/><\/figure>\n\n\n\n<div style=\"height:35px\" aria-hidden=\"true\" class=\"wp-block-spacer\"><\/div>\n\n\n\n<h2 class=\"wp-block-heading\"><em>How managers and leaders experience working with me  <\/em><\/h2>\n\n\n\n<ul class=\"wp-block-list\">\n<li> Jutta is a <strong>true professional,<\/strong> <strong>very credible <\/strong>and <strong>highly regarded.<\/strong> <br><\/li>\n\n\n\n<li>She <strong>helps<\/strong> teams and the individual <strong>gain self-confidence<\/strong>, which is necessary to <strong>grow beyond themselves <\/strong>when learning new and unknown things and applying them in real projects. <br><\/li>\n\n\n\n<li>What makes Jutta so unique is <strong>her pragmatic approach<\/strong>: She understands very quickly where we are in the company and in the teams and supports exactly there with suitable offerings to enable the next development step in the respective situation. <\/li>\n<\/ul>\n\n\n\n<figure class=\"wp-block-pullquote\"><blockquote><p>It is not the strongest of the species that survives, nor the most intelligent that survives.<br> It is the one that is the most adaptable to change.  <\/p><cite>Charles Darwin<\/cite><\/blockquote><\/figure>\n\n\n\n<div style=\"height:51px\" aria-hidden=\"true\" class=\"wp-block-spacer\"><\/div>\n\n\n\n<div style=\"height:51px\" aria-hidden=\"true\" class=\"wp-block-spacer\"><\/div>\n\n\n\n<div class=\"wp-block-columns is-layout-flex wp-container-core-columns-is-layout-9d6595d7 wp-block-columns-is-layout-flex\">\n<div class=\"wp-block-column is-layout-flow wp-block-column-is-layout-flow\" style=\"flex-basis:100%\">\n<div class=\"wp-block-columns is-layout-flex wp-container-core-columns-is-layout-9d6595d7 wp-block-columns-is-layout-flex\">\n<div class=\"wp-block-column is-layout-flow wp-block-column-is-layout-flow\" style=\"flex-basis:100%\">\n<div class=\"wp-block-buttons is-content-justification-center is-layout-flex wp-container-core-buttons-is-layout-16018d1d wp-block-buttons-is-layout-flex\">\n<div class=\"wp-block-button\"><a class=\"wp-block-button__link has-white-color has-text-color has-background wp-element-button\" href=\"https:\/\/jutta-rode.com\/index.php\/2068-2\/?et_fb=1&amp;PageSpeed=off\" style=\"background-color:#db4774\">Get in touch<\/a><\/div>\n<\/div>\n<\/div>\n<\/div>\n<\/div>\n<\/div>\n\n\n","protected":false},"excerpt":{"rendered":"<p>For CEOs and Leaders who make their company and teams fit for the future Your view into the future Your ambition Are you looking for a coach and change facilitator who suits you?Then we should get to know each other. As Agile and Professional coach for organisations &#8211; certified with the ICF How managers and &hellip; <\/p>\n","protected":false},"author":2,"featured_media":1228,"parent":0,"menu_order":0,"comment_status":"closed","ping_status":"closed","template":"","meta":{"_et_pb_use_builder":"","_et_pb_old_content":"","_et_gb_content_width":"","footnotes":""},"class_list":["post-2046","page","type-page","status-publish","has-post-thumbnail","hentry","grid-sizer"],"yoast_head":"<!-- This site is optimized with the Yoast SEO plugin v27.3 - https:\/\/yoast.com\/product\/yoast-seo-wordpress\/ -->\n<title>Team &amp; Leadership Coaching | Jutta Rode<\/title>\n<meta name=\"description\" content=\"F\u00fcr CEOs und F\u00fchrungskr\u00e4fte, die mit ihren Teams zukunftsfit werden wollen. ICF-zertifiziertes Coaching mit Expertise in Design Thinking und Agilit\u00e4t. Damit Ihr in der Zukunft noch kundenorientierter, effektiver und effizienter zusammenarbeiten k\u00f6nnt.\" \/>\n<meta name=\"robots\" content=\"index, follow, max-snippet:-1, max-image-preview:large, max-video-preview:-1\" \/>\n<link rel=\"canonical\" href=\"https:\/\/jutta-rode.com\/index.php\/team-leadership-coaching\/\" \/>\n<meta property=\"og:locale\" content=\"de_DE\" \/>\n<meta property=\"og:type\" content=\"article\" \/>\n<meta property=\"og:title\" content=\"Team &amp; Leadership Coaching | Jutta Rode\" \/>\n<meta property=\"og:description\" content=\"F\u00fcr CEOs und F\u00fchrungskr\u00e4fte, die mit ihren Teams zukunftsfit werden wollen. ICF-zertifiziertes Coaching mit Expertise in Design Thinking und Agilit\u00e4t. Damit Ihr in der Zukunft noch kundenorientierter, effektiver und effizienter zusammenarbeiten k\u00f6nnt.\" \/>\n<meta property=\"og:url\" content=\"https:\/\/jutta-rode.com\/index.php\/team-leadership-coaching\/\" \/>\n<meta property=\"og:site_name\" content=\"Jutta Rode\" \/>\n<meta property=\"article:modified_time\" content=\"2023-02-04T20:57:53+00:00\" \/>\n<meta property=\"og:image\" content=\"https:\/\/jutta-rode.com\/wp-content\/uploads\/2022\/06\/pexels-kampus-production-8636606-scaled.jpg\" \/>\n\t<meta property=\"og:image:width\" content=\"2560\" \/>\n\t<meta property=\"og:image:height\" content=\"1709\" \/>\n\t<meta property=\"og:image:type\" content=\"image\/jpeg\" \/>\n<meta name=\"twitter:card\" content=\"summary_large_image\" \/>\n<meta name=\"twitter:label1\" content=\"Gesch\u00e4tzte Lesezeit\" \/>\n\t<meta name=\"twitter:data1\" content=\"3\u00a0Minuten\" \/>\n<script type=\"application\/ld+json\" class=\"yoast-schema-graph\">{\"@context\":\"https:\\\/\\\/schema.org\",\"@graph\":[{\"@type\":\"WebPage\",\"@id\":\"https:\\\/\\\/jutta-rode.com\\\/index.php\\\/team-leadership-coaching\\\/\",\"url\":\"https:\\\/\\\/jutta-rode.com\\\/index.php\\\/team-leadership-coaching\\\/\",\"name\":\"Team & Leadership Coaching | Jutta Rode\",\"isPartOf\":{\"@id\":\"https:\\\/\\\/jutta-rode.com\\\/#website\"},\"primaryImageOfPage\":{\"@id\":\"https:\\\/\\\/jutta-rode.com\\\/index.php\\\/team-leadership-coaching\\\/#primaryimage\"},\"image\":{\"@id\":\"https:\\\/\\\/jutta-rode.com\\\/index.php\\\/team-leadership-coaching\\\/#primaryimage\"},\"thumbnailUrl\":\"https:\\\/\\\/jutta-rode.com\\\/wp-content\\\/uploads\\\/2022\\\/06\\\/pexels-kampus-production-8636606-scaled.jpg\",\"datePublished\":\"1999-01-01T00:00:00+00:00\",\"dateModified\":\"2023-02-04T20:57:53+00:00\",\"description\":\"F\u00fcr CEOs und F\u00fchrungskr\u00e4fte, die mit ihren Teams zukunftsfit werden wollen. ICF-zertifiziertes Coaching mit Expertise in Design Thinking und Agilit\u00e4t. Damit Ihr in der Zukunft noch kundenorientierter, effektiver und effizienter zusammenarbeiten k\u00f6nnt.\",\"breadcrumb\":{\"@id\":\"https:\\\/\\\/jutta-rode.com\\\/index.php\\\/team-leadership-coaching\\\/#breadcrumb\"},\"inLanguage\":\"de\",\"potentialAction\":[{\"@type\":\"ReadAction\",\"target\":[\"https:\\\/\\\/jutta-rode.com\\\/index.php\\\/team-leadership-coaching\\\/\"]}]},{\"@type\":\"ImageObject\",\"inLanguage\":\"de\",\"@id\":\"https:\\\/\\\/jutta-rode.com\\\/index.php\\\/team-leadership-coaching\\\/#primaryimage\",\"url\":\"https:\\\/\\\/jutta-rode.com\\\/wp-content\\\/uploads\\\/2022\\\/06\\\/pexels-kampus-production-8636606-scaled.jpg\",\"contentUrl\":\"https:\\\/\\\/jutta-rode.com\\\/wp-content\\\/uploads\\\/2022\\\/06\\\/pexels-kampus-production-8636606-scaled.jpg\",\"width\":2560,\"height\":1709},{\"@type\":\"BreadcrumbList\",\"@id\":\"https:\\\/\\\/jutta-rode.com\\\/index.php\\\/team-leadership-coaching\\\/#breadcrumb\",\"itemListElement\":[{\"@type\":\"ListItem\",\"position\":1,\"name\":\"Startseite\",\"item\":\"https:\\\/\\\/jutta-rode.com\\\/\"},{\"@type\":\"ListItem\",\"position\":2,\"name\":\"Team &#038; Leadership Coaching\"}]},{\"@type\":\"WebSite\",\"@id\":\"https:\\\/\\\/jutta-rode.com\\\/#website\",\"url\":\"https:\\\/\\\/jutta-rode.com\\\/\",\"name\":\"Jutta Rode\",\"description\":\"Helping You Transform \",\"publisher\":{\"@id\":\"https:\\\/\\\/jutta-rode.com\\\/#organization\"},\"potentialAction\":[{\"@type\":\"SearchAction\",\"target\":{\"@type\":\"EntryPoint\",\"urlTemplate\":\"https:\\\/\\\/jutta-rode.com\\\/?s={search_term_string}\"},\"query-input\":{\"@type\":\"PropertyValueSpecification\",\"valueRequired\":true,\"valueName\":\"search_term_string\"}}],\"inLanguage\":\"de\"},{\"@type\":\"Organization\",\"@id\":\"https:\\\/\\\/jutta-rode.com\\\/#organization\",\"name\":\"Jutta Rode\",\"url\":\"https:\\\/\\\/jutta-rode.com\\\/\",\"logo\":{\"@type\":\"ImageObject\",\"inLanguage\":\"de\",\"@id\":\"https:\\\/\\\/jutta-rode.com\\\/#\\\/schema\\\/logo\\\/image\\\/\",\"url\":\"https:\\\/\\\/jutta-rode.com\\\/wp-content\\\/uploads\\\/2022\\\/05\\\/IMG-3150-e1653911891555.png\",\"contentUrl\":\"https:\\\/\\\/jutta-rode.com\\\/wp-content\\\/uploads\\\/2022\\\/05\\\/IMG-3150-e1653911891555.png\",\"width\":301,\"height\":194,\"caption\":\"Jutta Rode\"},\"image\":{\"@id\":\"https:\\\/\\\/jutta-rode.com\\\/#\\\/schema\\\/logo\\\/image\\\/\"}}]}<\/script>\n<!-- \/ Yoast SEO plugin. -->","yoast_head_json":{"title":"Team & Leadership Coaching | Jutta Rode","description":"F\u00fcr CEOs und F\u00fchrungskr\u00e4fte, die mit ihren Teams zukunftsfit werden wollen. ICF-zertifiziertes Coaching mit Expertise in Design Thinking und Agilit\u00e4t. Damit Ihr in der Zukunft noch kundenorientierter, effektiver und effizienter zusammenarbeiten k\u00f6nnt.","robots":{"index":"index","follow":"follow","max-snippet":"max-snippet:-1","max-image-preview":"max-image-preview:large","max-video-preview":"max-video-preview:-1"},"canonical":"https:\/\/jutta-rode.com\/index.php\/team-leadership-coaching\/","og_locale":"de_DE","og_type":"article","og_title":"Team & Leadership Coaching | Jutta Rode","og_description":"F\u00fcr CEOs und F\u00fchrungskr\u00e4fte, die mit ihren Teams zukunftsfit werden wollen. ICF-zertifiziertes Coaching mit Expertise in Design Thinking und Agilit\u00e4t. Damit Ihr in der Zukunft noch kundenorientierter, effektiver und effizienter zusammenarbeiten k\u00f6nnt.","og_url":"https:\/\/jutta-rode.com\/index.php\/team-leadership-coaching\/","og_site_name":"Jutta Rode","article_modified_time":"2023-02-04T20:57:53+00:00","og_image":[{"width":2560,"height":1709,"url":"https:\/\/jutta-rode.com\/wp-content\/uploads\/2022\/06\/pexels-kampus-production-8636606-scaled.jpg","type":"image\/jpeg"}],"twitter_card":"summary_large_image","twitter_misc":{"Gesch\u00e4tzte Lesezeit":"3\u00a0Minuten"},"schema":{"@context":"https:\/\/schema.org","@graph":[{"@type":"WebPage","@id":"https:\/\/jutta-rode.com\/index.php\/team-leadership-coaching\/","url":"https:\/\/jutta-rode.com\/index.php\/team-leadership-coaching\/","name":"Team & Leadership Coaching | Jutta Rode","isPartOf":{"@id":"https:\/\/jutta-rode.com\/#website"},"primaryImageOfPage":{"@id":"https:\/\/jutta-rode.com\/index.php\/team-leadership-coaching\/#primaryimage"},"image":{"@id":"https:\/\/jutta-rode.com\/index.php\/team-leadership-coaching\/#primaryimage"},"thumbnailUrl":"https:\/\/jutta-rode.com\/wp-content\/uploads\/2022\/06\/pexels-kampus-production-8636606-scaled.jpg","datePublished":"1999-01-01T00:00:00+00:00","dateModified":"2023-02-04T20:57:53+00:00","description":"F\u00fcr CEOs und F\u00fchrungskr\u00e4fte, die mit ihren Teams zukunftsfit werden wollen. ICF-zertifiziertes Coaching mit Expertise in Design Thinking und Agilit\u00e4t. Damit Ihr in der Zukunft noch kundenorientierter, effektiver und effizienter zusammenarbeiten k\u00f6nnt.","breadcrumb":{"@id":"https:\/\/jutta-rode.com\/index.php\/team-leadership-coaching\/#breadcrumb"},"inLanguage":"de","potentialAction":[{"@type":"ReadAction","target":["https:\/\/jutta-rode.com\/index.php\/team-leadership-coaching\/"]}]},{"@type":"ImageObject","inLanguage":"de","@id":"https:\/\/jutta-rode.com\/index.php\/team-leadership-coaching\/#primaryimage","url":"https:\/\/jutta-rode.com\/wp-content\/uploads\/2022\/06\/pexels-kampus-production-8636606-scaled.jpg","contentUrl":"https:\/\/jutta-rode.com\/wp-content\/uploads\/2022\/06\/pexels-kampus-production-8636606-scaled.jpg","width":2560,"height":1709},{"@type":"BreadcrumbList","@id":"https:\/\/jutta-rode.com\/index.php\/team-leadership-coaching\/#breadcrumb","itemListElement":[{"@type":"ListItem","position":1,"name":"Startseite","item":"https:\/\/jutta-rode.com\/"},{"@type":"ListItem","position":2,"name":"Team &#038; Leadership Coaching"}]},{"@type":"WebSite","@id":"https:\/\/jutta-rode.com\/#website","url":"https:\/\/jutta-rode.com\/","name":"Jutta Rode","description":"Helping You Transform ","publisher":{"@id":"https:\/\/jutta-rode.com\/#organization"},"potentialAction":[{"@type":"SearchAction","target":{"@type":"EntryPoint","urlTemplate":"https:\/\/jutta-rode.com\/?s={search_term_string}"},"query-input":{"@type":"PropertyValueSpecification","valueRequired":true,"valueName":"search_term_string"}}],"inLanguage":"de"},{"@type":"Organization","@id":"https:\/\/jutta-rode.com\/#organization","name":"Jutta Rode","url":"https:\/\/jutta-rode.com\/","logo":{"@type":"ImageObject","inLanguage":"de","@id":"https:\/\/jutta-rode.com\/#\/schema\/logo\/image\/","url":"https:\/\/jutta-rode.com\/wp-content\/uploads\/2022\/05\/IMG-3150-e1653911891555.png","contentUrl":"https:\/\/jutta-rode.com\/wp-content\/uploads\/2022\/05\/IMG-3150-e1653911891555.png","width":301,"height":194,"caption":"Jutta Rode"},"image":{"@id":"https:\/\/jutta-rode.com\/#\/schema\/logo\/image\/"}}]}},"_links":{"self":[{"href":"https:\/\/jutta-rode.com\/index.php\/wp-json\/wp\/v2\/pages\/2046","targetHints":{"allow":["GET"]}}],"collection":[{"href":"https:\/\/jutta-rode.com\/index.php\/wp-json\/wp\/v2\/pages"}],"about":[{"href":"https:\/\/jutta-rode.com\/index.php\/wp-json\/wp\/v2\/types\/page"}],"author":[{"embeddable":true,"href":"https:\/\/jutta-rode.com\/index.php\/wp-json\/wp\/v2\/users\/2"}],"replies":[{"embeddable":true,"href":"https:\/\/jutta-rode.com\/index.php\/wp-json\/wp\/v2\/comments?post=2046"}],"version-history":[{"count":11,"href":"https:\/\/jutta-rode.com\/index.php\/wp-json\/wp\/v2\/pages\/2046\/revisions"}],"predecessor-version":[{"id":2203,"href":"https:\/\/jutta-rode.com\/index.php\/wp-json\/wp\/v2\/pages\/2046\/revisions\/2203"}],"wp:featuredmedia":[{"embeddable":true,"href":"https:\/\/jutta-rode.com\/index.php\/wp-json\/wp\/v2\/media\/1228"}],"wp:attachment":[{"href":"https:\/\/jutta-rode.com\/index.php\/wp-json\/wp\/v2\/media?parent=2046"}],"curies":[{"name":"wp","href":"https:\/\/api.w.org\/{rel}","templated":true}]}}